{"id":1353,"date":"2019-11-26T15:28:54","date_gmt":"2019-11-26T14:28:54","guid":{"rendered":"http:\/\/fernandfelt.com\/?post_type=product&#038;p=1353"},"modified":"2025-06-03T22:47:00","modified_gmt":"2025-06-03T20:47:00","slug":"etui-20z-prawdziwymi-roslinami-finezyjny-plaster-miodu","status":"publish","type":"product","link":"https:\/\/fernandfelt.com\/en\/shop\/etui-20z-prawdziwymi-roslinami-finezyjny-plaster-miodu\/","title":{"rendered":"finezyjny plaster miodu | etui z prawdziwymi ro\u015blinami"},"content":{"rendered":"<p><span style=\"font-weight: 400;\">Etui na telefon z suszonymi ro\u015blinami Finezyjny Plaster Miodu to prawdziwa gratka dla dziewczyn, kt\u00f3re uwielbiaj\u0105 jednocze\u015bnie kwiaty, jak i eleganckie, z\u0142ociste dodatki. Obudowa przedstawia heksagony u\u0142o\u017cone w plaster miodu, dope\u0142nione przez r\u00f3\u017cowy zatrwian oraz farbowane p\u0142atki chabr\u00f3w. Powsta\u0142a kompozycja jest zarazem elegancka i b\u0142yszcz\u0105ca, ale te\u017c minimalistyczna oraz nienachalna, co tworzy wyj\u0105tkowo ciekaw\u0105 propozycj\u0119 kwiatowego etui na telefon z przewag\u0105 z\u0142otych dodatk\u00f3w. <\/span><\/p>\n","protected":false},"excerpt":{"rendered":"<p><span style=\"font-weight: 400;\">Etui na telefon z suszonymi ro\u015blinami Finezyjny Plaster Miodu to prawdziwa gratka dla dziewczyn, kt\u00f3re uwielbiaj\u0105 jednocze\u015bnie kwiaty, jak i eleganckie, z\u0142ociste dodatki. Obudowa przedstawia heksagony u\u0142o\u017cone w plaster miodu, dope\u0142nione przez r\u00f3\u017cowy zatrwian oraz farbowane p\u0142atki chabr\u00f3w. Powsta\u0142a kompozycja jest zarazem elegancka i b\u0142yszcz\u0105ca, ale te\u017c minimalistyczna oraz nienachalna, co tworzy wyj\u0105tkowo ciekaw\u0105 propozycj\u0119 kwiatowego etui na telefon z przewag\u0105 z\u0142otych dodatk\u00f3w. <\/span><\/p>\n","protected":false},"featured_media":855,"comment_status":"closed","ping_status":"closed","template":"","meta":[],"product_brand":[],"product_cat":[39,72],"product_tag":[183,182,186,187,189,184,188,185],"class_list":{"0":"post-1353","1":"product","2":"type-product","3":"status-publish","4":"has-post-thumbnail","6":"product_cat-etui-na-telefony","7":"product_cat-minimalistyczne","8":"product_tag-eleganckie-etui-iphone","9":"product_tag-eleganckie-etui-na-telefon","10":"product_tag-etui-z-suszonymi-ro-slinami","11":"product_tag-etui-z-zywica","12":"product_tag-huawei-p-30-lite-etui","13":"product_tag-samsung-etui-heksagony","14":"product_tag-swieca-ce-etui-na-telfon","15":"product_tag-zlote-heksagony-dodatki","17":"first","18":"instock","19":"shipping-taxable","20":"purchasable","21":"product-type-simple"},"yoast_head":"<!-- This site is optimized with the Yoast SEO plugin v27.3 - https:\/\/yoast.com\/product\/yoast-seo-wordpress\/ -->\n<title>finezyjny plaster miodu | etui z prawdziwymi ro\u015blinami - Fern &amp; Felt<\/title>\n<meta name=\"description\" content=\"Etui na telefon z suszonymi ro\u015blinami i z\u0142otymi dodatkami, b\u0142yszcz\u0105ca obudowa z kwiatami i z\u0142otymi heksagonami, minimalistyczne etui dla dziewczyny.\" \/>\n<meta name=\"robots\" content=\"index, follow, max-snippet:-1, max-image-preview:large, max-video-preview:-1\" \/>\n<link rel=\"canonical\" href=\"https:\/\/fernandfelt.com\/en\/shop\/etui-20z-prawdziwymi-roslinami-finezyjny-plaster-miodu\/\" \/>\n<meta property=\"og:locale\" content=\"en_US\" \/>\n<meta property=\"og:type\" content=\"article\" \/>\n<meta property=\"og:title\" content=\"finezyjny plaster miodu | etui z prawdziwymi ro\u015blinami - Fern &amp; Felt\" \/>\n<meta property=\"og:description\" content=\"Etui na telefon z suszonymi ro\u015blinami i z\u0142otymi dodatkami, b\u0142yszcz\u0105ca obudowa z kwiatami i z\u0142otymi heksagonami, minimalistyczne etui dla dziewczyny.\" \/>\n<meta property=\"og:url\" content=\"https:\/\/fernandfelt.com\/en\/shop\/etui-20z-prawdziwymi-roslinami-finezyjny-plaster-miodu\/\" \/>\n<meta property=\"og:site_name\" content=\"Fern &amp; Felt\" \/>\n<meta property=\"article:modified_time\" content=\"2025-06-03T20:47:00+00:00\" \/>\n<meta property=\"og:image\" content=\"https:\/\/fernandfelt.com\/wp-content\/uploads\/2019\/11\/etui-hexy5.jpg\" \/>\n\t<meta property=\"og:image:width\" content=\"640\" \/>\n\t<meta property=\"og:image:height\" content=\"619\" \/>\n\t<meta property=\"og:image:type\" content=\"image\/jpeg\" \/>\n<meta name=\"twitter:card\" content=\"summary_large_image\" \/>\n<meta name=\"twitter:label1\" content=\"Est. reading time\" \/>\n\t<meta name=\"twitter:data1\" content=\"2 minutes\" \/>\n<script type=\"application\/ld+json\" class=\"yoast-schema-graph\">{\"@context\":\"https:\\\/\\\/schema.org\",\"@graph\":[{\"@type\":\"WebPage\",\"@id\":\"https:\\\/\\\/fernandfelt.com\\\/en\\\/shop\\\/etui-20z-prawdziwymi-roslinami-finezyjny-plaster-miodu\\\/\",\"url\":\"https:\\\/\\\/fernandfelt.com\\\/en\\\/shop\\\/etui-20z-prawdziwymi-roslinami-finezyjny-plaster-miodu\\\/\",\"name\":\"finezyjny plaster miodu | etui z prawdziwymi ro\u015blinami - Fern &amp; Felt\",\"isPartOf\":{\"@id\":\"https:\\\/\\\/fernandfelt.com\\\/en\\\/#website\"},\"primaryImageOfPage\":{\"@id\":\"https:\\\/\\\/fernandfelt.com\\\/en\\\/shop\\\/etui-20z-prawdziwymi-roslinami-finezyjny-plaster-miodu\\\/#primaryimage\"},\"image\":{\"@id\":\"https:\\\/\\\/fernandfelt.com\\\/en\\\/shop\\\/etui-20z-prawdziwymi-roslinami-finezyjny-plaster-miodu\\\/#primaryimage\"},\"thumbnailUrl\":\"https:\\\/\\\/fernandfelt.com\\\/wp-content\\\/uploads\\\/2019\\\/11\\\/etui-hexy5.jpg\",\"datePublished\":\"2019-11-26T14:28:54+00:00\",\"dateModified\":\"2025-06-03T20:47:00+00:00\",\"description\":\"Etui na telefon z suszonymi ro\u015blinami i z\u0142otymi dodatkami, b\u0142yszcz\u0105ca obudowa z kwiatami i z\u0142otymi heksagonami, minimalistyczne etui dla dziewczyny.\",\"breadcrumb\":{\"@id\":\"https:\\\/\\\/fernandfelt.com\\\/en\\\/shop\\\/etui-20z-prawdziwymi-roslinami-finezyjny-plaster-miodu\\\/#breadcrumb\"},\"inLanguage\":\"en-US\",\"potentialAction\":[{\"@type\":\"ReadAction\",\"target\":[\"https:\\\/\\\/fernandfelt.com\\\/en\\\/shop\\\/etui-20z-prawdziwymi-roslinami-finezyjny-plaster-miodu\\\/\"]}]},{\"@type\":\"ImageObject\",\"inLanguage\":\"en-US\",\"@id\":\"https:\\\/\\\/fernandfelt.com\\\/en\\\/shop\\\/etui-20z-prawdziwymi-roslinami-finezyjny-plaster-miodu\\\/#primaryimage\",\"url\":\"https:\\\/\\\/fernandfelt.com\\\/wp-content\\\/uploads\\\/2019\\\/11\\\/etui-hexy5.jpg\",\"contentUrl\":\"https:\\\/\\\/fernandfelt.com\\\/wp-content\\\/uploads\\\/2019\\\/11\\\/etui-hexy5.jpg\",\"width\":640,\"height\":619,\"caption\":\"etui z\u0142oty heksagon suszone kwiaty\"},{\"@type\":\"BreadcrumbList\",\"@id\":\"https:\\\/\\\/fernandfelt.com\\\/en\\\/shop\\\/etui-20z-prawdziwymi-roslinami-finezyjny-plaster-miodu\\\/#breadcrumb\",\"itemListElement\":[{\"@type\":\"ListItem\",\"position\":1,\"name\":\"Home\",\"item\":\"https:\\\/\\\/fernandfelt.com\\\/en\\\/\"},{\"@type\":\"ListItem\",\"position\":2,\"name\":\"Shop\",\"item\":\"https:\\\/\\\/fernandfelt.com\\\/en\\\/shop\\\/\"},{\"@type\":\"ListItem\",\"position\":3,\"name\":\"finezyjny plaster miodu | etui z prawdziwymi ro\u015blinami\"}]},{\"@type\":\"WebSite\",\"@id\":\"https:\\\/\\\/fernandfelt.com\\\/en\\\/#website\",\"url\":\"https:\\\/\\\/fernandfelt.com\\\/en\\\/\",\"name\":\"Fern &amp; Felt\",\"description\":\"Kolejna witryna oparta na WordPressie\",\"potentialAction\":[{\"@type\":\"SearchAction\",\"target\":{\"@type\":\"EntryPoint\",\"urlTemplate\":\"https:\\\/\\\/fernandfelt.com\\\/en\\\/?s={search_term_string}\"},\"query-input\":{\"@type\":\"PropertyValueSpecification\",\"valueRequired\":true,\"valueName\":\"search_term_string\"}}],\"inLanguage\":\"en-US\"}]}<\/script>\n<!-- \/ Yoast SEO plugin. -->","yoast_head_json":{"title":"finezyjny plaster miodu | etui z prawdziwymi ro\u015blinami - Fern &amp; Felt","description":"Etui na telefon z suszonymi ro\u015blinami i z\u0142otymi dodatkami, b\u0142yszcz\u0105ca obudowa z kwiatami i z\u0142otymi heksagonami, minimalistyczne etui dla dziewczyny.","robots":{"index":"index","follow":"follow","max-snippet":"max-snippet:-1","max-image-preview":"max-image-preview:large","max-video-preview":"max-video-preview:-1"},"canonical":"https:\/\/fernandfelt.com\/en\/shop\/etui-20z-prawdziwymi-roslinami-finezyjny-plaster-miodu\/","og_locale":"en_US","og_type":"article","og_title":"finezyjny plaster miodu | etui z prawdziwymi ro\u015blinami - Fern &amp; Felt","og_description":"Etui na telefon z suszonymi ro\u015blinami i z\u0142otymi dodatkami, b\u0142yszcz\u0105ca obudowa z kwiatami i z\u0142otymi heksagonami, minimalistyczne etui dla dziewczyny.","og_url":"https:\/\/fernandfelt.com\/en\/shop\/etui-20z-prawdziwymi-roslinami-finezyjny-plaster-miodu\/","og_site_name":"Fern &amp; Felt","article_modified_time":"2025-06-03T20:47:00+00:00","og_image":[{"width":640,"height":619,"url":"https:\/\/fernandfelt.com\/wp-content\/uploads\/2019\/11\/etui-hexy5.jpg","type":"image\/jpeg"}],"twitter_card":"summary_large_image","twitter_misc":{"Est. reading time":"2 minutes"},"schema":{"@context":"https:\/\/schema.org","@graph":[{"@type":"WebPage","@id":"https:\/\/fernandfelt.com\/en\/shop\/etui-20z-prawdziwymi-roslinami-finezyjny-plaster-miodu\/","url":"https:\/\/fernandfelt.com\/en\/shop\/etui-20z-prawdziwymi-roslinami-finezyjny-plaster-miodu\/","name":"finezyjny plaster miodu | etui z prawdziwymi ro\u015blinami - Fern &amp; Felt","isPartOf":{"@id":"https:\/\/fernandfelt.com\/en\/#website"},"primaryImageOfPage":{"@id":"https:\/\/fernandfelt.com\/en\/shop\/etui-20z-prawdziwymi-roslinami-finezyjny-plaster-miodu\/#primaryimage"},"image":{"@id":"https:\/\/fernandfelt.com\/en\/shop\/etui-20z-prawdziwymi-roslinami-finezyjny-plaster-miodu\/#primaryimage"},"thumbnailUrl":"https:\/\/fernandfelt.com\/wp-content\/uploads\/2019\/11\/etui-hexy5.jpg","datePublished":"2019-11-26T14:28:54+00:00","dateModified":"2025-06-03T20:47:00+00:00","description":"Etui na telefon z suszonymi ro\u015blinami i z\u0142otymi dodatkami, b\u0142yszcz\u0105ca obudowa z kwiatami i z\u0142otymi heksagonami, minimalistyczne etui dla dziewczyny.","breadcrumb":{"@id":"https:\/\/fernandfelt.com\/en\/shop\/etui-20z-prawdziwymi-roslinami-finezyjny-plaster-miodu\/#breadcrumb"},"inLanguage":"en-US","potentialAction":[{"@type":"ReadAction","target":["https:\/\/fernandfelt.com\/en\/shop\/etui-20z-prawdziwymi-roslinami-finezyjny-plaster-miodu\/"]}]},{"@type":"ImageObject","inLanguage":"en-US","@id":"https:\/\/fernandfelt.com\/en\/shop\/etui-20z-prawdziwymi-roslinami-finezyjny-plaster-miodu\/#primaryimage","url":"https:\/\/fernandfelt.com\/wp-content\/uploads\/2019\/11\/etui-hexy5.jpg","contentUrl":"https:\/\/fernandfelt.com\/wp-content\/uploads\/2019\/11\/etui-hexy5.jpg","width":640,"height":619,"caption":"etui z\u0142oty heksagon suszone kwiaty"},{"@type":"BreadcrumbList","@id":"https:\/\/fernandfelt.com\/en\/shop\/etui-20z-prawdziwymi-roslinami-finezyjny-plaster-miodu\/#breadcrumb","itemListElement":[{"@type":"ListItem","position":1,"name":"Home","item":"https:\/\/fernandfelt.com\/en\/"},{"@type":"ListItem","position":2,"name":"Shop","item":"https:\/\/fernandfelt.com\/en\/shop\/"},{"@type":"ListItem","position":3,"name":"finezyjny plaster miodu | etui z prawdziwymi ro\u015blinami"}]},{"@type":"WebSite","@id":"https:\/\/fernandfelt.com\/en\/#website","url":"https:\/\/fernandfelt.com\/en\/","name":"Fern &amp; Felt","description":"Kolejna witryna oparta na WordPressie","potentialAction":[{"@type":"SearchAction","target":{"@type":"EntryPoint","urlTemplate":"https:\/\/fernandfelt.com\/en\/?s={search_term_string}"},"query-input":{"@type":"PropertyValueSpecification","valueRequired":true,"valueName":"search_term_string"}}],"inLanguage":"en-US"}]}},"_links":{"self":[{"href":"https:\/\/fernandfelt.com\/en\/wp-json\/wp\/v2\/product\/1353","targetHints":{"allow":["GET"]}}],"collection":[{"href":"https:\/\/fernandfelt.com\/en\/wp-json\/wp\/v2\/product"}],"about":[{"href":"https:\/\/fernandfelt.com\/en\/wp-json\/wp\/v2\/types\/product"}],"replies":[{"embeddable":true,"href":"https:\/\/fernandfelt.com\/en\/wp-json\/wp\/v2\/comments?post=1353"}],"wp:featuredmedia":[{"embeddable":true,"href":"https:\/\/fernandfelt.com\/en\/wp-json\/wp\/v2\/media\/855"}],"wp:attachment":[{"href":"https:\/\/fernandfelt.com\/en\/wp-json\/wp\/v2\/media?parent=1353"}],"wp:term":[{"taxonomy":"product_brand","embeddable":true,"href":"https:\/\/fernandfelt.com\/en\/wp-json\/wp\/v2\/product_brand?post=1353"},{"taxonomy":"product_cat","embeddable":true,"href":"https:\/\/fernandfelt.com\/en\/wp-json\/wp\/v2\/product_cat?post=1353"},{"taxonomy":"product_tag","embeddable":true,"href":"https:\/\/fernandfelt.com\/en\/wp-json\/wp\/v2\/product_tag?post=1353"}],"curies":[{"name":"wp","href":"https:\/\/api.w.org\/{rel}","templated":true}]}}