{"id":2593,"date":"2020-10-16T14:11:55","date_gmt":"2020-10-16T12:18:46","guid":{"rendered":"https:\/\/fernandfelt.com\/?post_type=product&#038;p=2593"},"modified":"2025-01-23T18:02:27","modified_gmt":"2025-01-23T17:02:27","slug":"roslinny-obrazek-jesienne-liscie","status":"publish","type":"product","link":"https:\/\/fernandfelt.com\/en\/shop\/roslinny-obrazek-jesienne-liscie\/","title":{"rendered":"jesienne li\u015bcie | ro\u015blinny obrazek"},"content":{"rendered":"<p><span>Obrazki na \u015bcian\u0119 w makramowych ramkach to kawa\u0142ek ro\u015blinnej przestrzeni do umieszczenia w Twoim domu. Ro\u015bliny zamkniete s\u0105 pod warstw\u0105 \u017cywicy aby jak najd\u0142u\u017cej utrzyma\u0142y \u015bwie\u017cy kolor. Zawieszone w ramkach ze sznurka wyplecionego w makramowe w\u0119z\u0142y. Natura podyktowa\u0142a zar\u00f3wno romantyczne, kolorowe kompozycje, jak nieco bardziej surowy, jednobarwny, zielony klimat obrazk\u00f3w. Istnieje mo\u017cliwo\u015b\u0107 sk\u0142adania zam\u00f3wie\u0144 specjalnych o dowolnych wymiarach. Przezroczyste obrazki z zatopionymi w \u017cywicy suszonymi kwiatami b\u0119d\u0105 stanowi\u0142y niepowatarzalny akcent ka\u017cdego wn\u0119trza, uzupe\u0142niaj\u0105c je o harmonijny pierwiastek wywodz\u0105cy si\u0119 z Matki Ziemi.<\/span><\/p>\n","protected":false},"excerpt":{"rendered":"<p><span>Obrazki na \u015bcian\u0119 w makramowych ramkach to kawa\u0142ek ro\u015blinnej przestrzeni do umieszczenia w Twoim domu. Ro\u015bliny zamkniete s\u0105 pod warstw\u0105 \u017cywicy aby jak najd\u0142u\u017cej utrzyma\u0142y \u015bwie\u017cy kolor. Zawieszone w ramkach ze sznurka wyplecionego w makramowe w\u0119z\u0142y. Natura podyktowa\u0142a zar\u00f3wno romantyczne, kolorowe kompozycje, jak nieco bardziej surowy, jednobarwny, zielony klimat obrazk\u00f3w. Istnieje mo\u017cliwo\u015b\u0107 sk\u0142adania zam\u00f3wie\u0144 specjalnych o dowolnych wymiarach. Przezroczyste obrazki z zatopionymi w \u017cywicy suszonymi kwiatami b\u0119d\u0105 stanowi\u0142y niepowatarzalny akcent ka\u017cdego wn\u0119trza, uzupe\u0142niaj\u0105c je o harmonijny pierwiastek wywodz\u0105cy si\u0119 z Matki Ziemi.<\/span><\/p>\n","protected":false},"featured_media":2575,"comment_status":"closed","ping_status":"closed","template":"","meta":[],"product_brand":[],"product_cat":[],"product_tag":[],"class_list":{"0":"post-2593","1":"product","2":"type-product","3":"status-publish","4":"has-post-thumbnail","6":"first","7":"instock","8":"shipping-taxable","9":"purchasable","10":"product-type-simple"},"yoast_head":"<!-- This site is optimized with the Yoast SEO plugin v27.3 - https:\/\/yoast.com\/product\/yoast-seo-wordpress\/ -->\n<title>jesienne li\u015bcie | ro\u015blinny obrazek - Fern &amp; Felt<\/title>\n<meta name=\"description\" content=\"Jesienna kompozycja z suszonych li\u015bci. Ro\u015blinny obrazek na \u015bcian\u0119 z prawdziwych ro\u015blin, zamkni\u0119ty w ramce z makramy. Ozdoba dla wielbiceli ro\u015blinno\u015bci.\" \/>\n<meta name=\"robots\" content=\"index, follow, max-snippet:-1, max-image-preview:large, max-video-preview:-1\" \/>\n<link rel=\"canonical\" href=\"https:\/\/fernandfelt.com\/en\/shop\/roslinny-obrazek-jesienne-liscie\/\" \/>\n<meta property=\"og:locale\" content=\"en_US\" \/>\n<meta property=\"og:type\" content=\"article\" \/>\n<meta property=\"og:title\" content=\"jesienne li\u015bcie | ro\u015blinny obrazek - Fern &amp; Felt\" \/>\n<meta property=\"og:description\" content=\"Jesienna kompozycja z suszonych li\u015bci. Ro\u015blinny obrazek na \u015bcian\u0119 z prawdziwych ro\u015blin, zamkni\u0119ty w ramce z makramy. Ozdoba dla wielbiceli ro\u015blinno\u015bci.\" \/>\n<meta property=\"og:url\" content=\"https:\/\/fernandfelt.com\/en\/shop\/roslinny-obrazek-jesienne-liscie\/\" \/>\n<meta property=\"og:site_name\" content=\"Fern &amp; Felt\" \/>\n<meta property=\"article:modified_time\" content=\"2025-01-23T17:02:27+00:00\" \/>\n<meta property=\"og:image\" content=\"https:\/\/fernandfelt.com\/wp-content\/uploads\/2020\/10\/121587719_1099920450423188_6521962012721589385_n.jpg\" \/>\n\t<meta property=\"og:image:width\" content=\"1920\" \/>\n\t<meta property=\"og:image:height\" content=\"1920\" \/>\n\t<meta property=\"og:image:type\" content=\"image\/jpeg\" \/>\n<meta name=\"twitter:card\" content=\"summary_large_image\" \/>\n<meta name=\"twitter:label1\" content=\"Est. reading time\" \/>\n\t<meta name=\"twitter:data1\" content=\"2 minutes\" \/>\n<script type=\"application\/ld+json\" class=\"yoast-schema-graph\">{\"@context\":\"https:\\\/\\\/schema.org\",\"@graph\":[{\"@type\":\"WebPage\",\"@id\":\"https:\\\/\\\/fernandfelt.com\\\/en\\\/shop\\\/roslinny-obrazek-jesienne-liscie\\\/\",\"url\":\"https:\\\/\\\/fernandfelt.com\\\/en\\\/shop\\\/roslinny-obrazek-jesienne-liscie\\\/\",\"name\":\"jesienne li\u015bcie | ro\u015blinny obrazek - Fern &amp; Felt\",\"isPartOf\":{\"@id\":\"https:\\\/\\\/fernandfelt.com\\\/en\\\/#website\"},\"primaryImageOfPage\":{\"@id\":\"https:\\\/\\\/fernandfelt.com\\\/en\\\/shop\\\/roslinny-obrazek-jesienne-liscie\\\/#primaryimage\"},\"image\":{\"@id\":\"https:\\\/\\\/fernandfelt.com\\\/en\\\/shop\\\/roslinny-obrazek-jesienne-liscie\\\/#primaryimage\"},\"thumbnailUrl\":\"https:\\\/\\\/fernandfelt.com\\\/wp-content\\\/uploads\\\/2020\\\/10\\\/121587719_1099920450423188_6521962012721589385_n.jpg\",\"datePublished\":\"2020-10-16T12:18:46+00:00\",\"dateModified\":\"2025-01-23T17:02:27+00:00\",\"description\":\"Jesienna kompozycja z suszonych li\u015bci. Ro\u015blinny obrazek na \u015bcian\u0119 z prawdziwych ro\u015blin, zamkni\u0119ty w ramce z makramy. Ozdoba dla wielbiceli ro\u015blinno\u015bci.\",\"breadcrumb\":{\"@id\":\"https:\\\/\\\/fernandfelt.com\\\/en\\\/shop\\\/roslinny-obrazek-jesienne-liscie\\\/#breadcrumb\"},\"inLanguage\":\"en-US\",\"potentialAction\":[{\"@type\":\"ReadAction\",\"target\":[\"https:\\\/\\\/fernandfelt.com\\\/en\\\/shop\\\/roslinny-obrazek-jesienne-liscie\\\/\"]}]},{\"@type\":\"ImageObject\",\"inLanguage\":\"en-US\",\"@id\":\"https:\\\/\\\/fernandfelt.com\\\/en\\\/shop\\\/roslinny-obrazek-jesienne-liscie\\\/#primaryimage\",\"url\":\"https:\\\/\\\/fernandfelt.com\\\/wp-content\\\/uploads\\\/2020\\\/10\\\/121587719_1099920450423188_6521962012721589385_n.jpg\",\"contentUrl\":\"https:\\\/\\\/fernandfelt.com\\\/wp-content\\\/uploads\\\/2020\\\/10\\\/121587719_1099920450423188_6521962012721589385_n.jpg\",\"width\":1920,\"height\":1920,\"caption\":\"Pressed flower picture with autumnal leaves\"},{\"@type\":\"BreadcrumbList\",\"@id\":\"https:\\\/\\\/fernandfelt.com\\\/en\\\/shop\\\/roslinny-obrazek-jesienne-liscie\\\/#breadcrumb\",\"itemListElement\":[{\"@type\":\"ListItem\",\"position\":1,\"name\":\"Home\",\"item\":\"https:\\\/\\\/fernandfelt.com\\\/en\\\/\"},{\"@type\":\"ListItem\",\"position\":2,\"name\":\"Shop\",\"item\":\"https:\\\/\\\/fernandfelt.com\\\/en\\\/shop\\\/\"},{\"@type\":\"ListItem\",\"position\":3,\"name\":\"jesienne li\u015bcie | ro\u015blinny obrazek\"}]},{\"@type\":\"WebSite\",\"@id\":\"https:\\\/\\\/fernandfelt.com\\\/en\\\/#website\",\"url\":\"https:\\\/\\\/fernandfelt.com\\\/en\\\/\",\"name\":\"Fern &amp; Felt\",\"description\":\"Kolejna witryna oparta na WordPressie\",\"potentialAction\":[{\"@type\":\"SearchAction\",\"target\":{\"@type\":\"EntryPoint\",\"urlTemplate\":\"https:\\\/\\\/fernandfelt.com\\\/en\\\/?s={search_term_string}\"},\"query-input\":{\"@type\":\"PropertyValueSpecification\",\"valueRequired\":true,\"valueName\":\"search_term_string\"}}],\"inLanguage\":\"en-US\"}]}<\/script>\n<!-- \/ Yoast SEO plugin. -->","yoast_head_json":{"title":"jesienne li\u015bcie | ro\u015blinny obrazek - Fern &amp; Felt","description":"Jesienna kompozycja z suszonych li\u015bci. Ro\u015blinny obrazek na \u015bcian\u0119 z prawdziwych ro\u015blin, zamkni\u0119ty w ramce z makramy. Ozdoba dla wielbiceli ro\u015blinno\u015bci.","robots":{"index":"index","follow":"follow","max-snippet":"max-snippet:-1","max-image-preview":"max-image-preview:large","max-video-preview":"max-video-preview:-1"},"canonical":"https:\/\/fernandfelt.com\/en\/shop\/roslinny-obrazek-jesienne-liscie\/","og_locale":"en_US","og_type":"article","og_title":"jesienne li\u015bcie | ro\u015blinny obrazek - Fern &amp; Felt","og_description":"Jesienna kompozycja z suszonych li\u015bci. Ro\u015blinny obrazek na \u015bcian\u0119 z prawdziwych ro\u015blin, zamkni\u0119ty w ramce z makramy. Ozdoba dla wielbiceli ro\u015blinno\u015bci.","og_url":"https:\/\/fernandfelt.com\/en\/shop\/roslinny-obrazek-jesienne-liscie\/","og_site_name":"Fern &amp; Felt","article_modified_time":"2025-01-23T17:02:27+00:00","og_image":[{"width":1920,"height":1920,"url":"https:\/\/fernandfelt.com\/wp-content\/uploads\/2020\/10\/121587719_1099920450423188_6521962012721589385_n.jpg","type":"image\/jpeg"}],"twitter_card":"summary_large_image","twitter_misc":{"Est. reading time":"2 minutes"},"schema":{"@context":"https:\/\/schema.org","@graph":[{"@type":"WebPage","@id":"https:\/\/fernandfelt.com\/en\/shop\/roslinny-obrazek-jesienne-liscie\/","url":"https:\/\/fernandfelt.com\/en\/shop\/roslinny-obrazek-jesienne-liscie\/","name":"jesienne li\u015bcie | ro\u015blinny obrazek - Fern &amp; Felt","isPartOf":{"@id":"https:\/\/fernandfelt.com\/en\/#website"},"primaryImageOfPage":{"@id":"https:\/\/fernandfelt.com\/en\/shop\/roslinny-obrazek-jesienne-liscie\/#primaryimage"},"image":{"@id":"https:\/\/fernandfelt.com\/en\/shop\/roslinny-obrazek-jesienne-liscie\/#primaryimage"},"thumbnailUrl":"https:\/\/fernandfelt.com\/wp-content\/uploads\/2020\/10\/121587719_1099920450423188_6521962012721589385_n.jpg","datePublished":"2020-10-16T12:18:46+00:00","dateModified":"2025-01-23T17:02:27+00:00","description":"Jesienna kompozycja z suszonych li\u015bci. Ro\u015blinny obrazek na \u015bcian\u0119 z prawdziwych ro\u015blin, zamkni\u0119ty w ramce z makramy. Ozdoba dla wielbiceli ro\u015blinno\u015bci.","breadcrumb":{"@id":"https:\/\/fernandfelt.com\/en\/shop\/roslinny-obrazek-jesienne-liscie\/#breadcrumb"},"inLanguage":"en-US","potentialAction":[{"@type":"ReadAction","target":["https:\/\/fernandfelt.com\/en\/shop\/roslinny-obrazek-jesienne-liscie\/"]}]},{"@type":"ImageObject","inLanguage":"en-US","@id":"https:\/\/fernandfelt.com\/en\/shop\/roslinny-obrazek-jesienne-liscie\/#primaryimage","url":"https:\/\/fernandfelt.com\/wp-content\/uploads\/2020\/10\/121587719_1099920450423188_6521962012721589385_n.jpg","contentUrl":"https:\/\/fernandfelt.com\/wp-content\/uploads\/2020\/10\/121587719_1099920450423188_6521962012721589385_n.jpg","width":1920,"height":1920,"caption":"Pressed flower picture with autumnal leaves"},{"@type":"BreadcrumbList","@id":"https:\/\/fernandfelt.com\/en\/shop\/roslinny-obrazek-jesienne-liscie\/#breadcrumb","itemListElement":[{"@type":"ListItem","position":1,"name":"Home","item":"https:\/\/fernandfelt.com\/en\/"},{"@type":"ListItem","position":2,"name":"Shop","item":"https:\/\/fernandfelt.com\/en\/shop\/"},{"@type":"ListItem","position":3,"name":"jesienne li\u015bcie | ro\u015blinny obrazek"}]},{"@type":"WebSite","@id":"https:\/\/fernandfelt.com\/en\/#website","url":"https:\/\/fernandfelt.com\/en\/","name":"Fern &amp; Felt","description":"Kolejna witryna oparta na WordPressie","potentialAction":[{"@type":"SearchAction","target":{"@type":"EntryPoint","urlTemplate":"https:\/\/fernandfelt.com\/en\/?s={search_term_string}"},"query-input":{"@type":"PropertyValueSpecification","valueRequired":true,"valueName":"search_term_string"}}],"inLanguage":"en-US"}]}},"_links":{"self":[{"href":"https:\/\/fernandfelt.com\/en\/wp-json\/wp\/v2\/product\/2593","targetHints":{"allow":["GET"]}}],"collection":[{"href":"https:\/\/fernandfelt.com\/en\/wp-json\/wp\/v2\/product"}],"about":[{"href":"https:\/\/fernandfelt.com\/en\/wp-json\/wp\/v2\/types\/product"}],"replies":[{"embeddable":true,"href":"https:\/\/fernandfelt.com\/en\/wp-json\/wp\/v2\/comments?post=2593"}],"wp:featuredmedia":[{"embeddable":true,"href":"https:\/\/fernandfelt.com\/en\/wp-json\/wp\/v2\/media\/2575"}],"wp:attachment":[{"href":"https:\/\/fernandfelt.com\/en\/wp-json\/wp\/v2\/media?parent=2593"}],"wp:term":[{"taxonomy":"product_brand","embeddable":true,"href":"https:\/\/fernandfelt.com\/en\/wp-json\/wp\/v2\/product_brand?post=2593"},{"taxonomy":"product_cat","embeddable":true,"href":"https:\/\/fernandfelt.com\/en\/wp-json\/wp\/v2\/product_cat?post=2593"},{"taxonomy":"product_tag","embeddable":true,"href":"https:\/\/fernandfelt.com\/en\/wp-json\/wp\/v2\/product_tag?post=2593"}],"curies":[{"name":"wp","href":"https:\/\/api.w.org\/{rel}","templated":true}]}}